{"id":1592,"date":"2024-04-10T22:18:45","date_gmt":"2024-04-10T22:18:45","guid":{"rendered":"https:\/\/albertolabra.com\/?page_id=1592"},"modified":"2024-04-18T20:08:00","modified_gmt":"2024-04-18T20:08:00","slug":"facturacion","status":"publish","type":"page","link":"https:\/\/albertolabra.com\/index.php\/facturacion\/","title":{"rendered":"FACTURACI\u00d3N"},"content":{"rendered":"\n<div class=\"wp-block-media-text is-stacked-on-mobile\" style=\"grid-template-columns:25% auto\"><figure class=\"wp-block-media-text__media\"><img loading=\"lazy\" decoding=\"async\" width=\"512\" height=\"512\" src=\"https:\/\/albertolabra.com\/wp-content\/uploads\/2023\/03\/cropped-favicon.png\" alt=\"\" class=\"wp-image-1325 size-full\" srcset=\"https:\/\/albertolabra.com\/wp-content\/uploads\/2023\/03\/cropped-favicon.png 512w, https:\/\/albertolabra.com\/wp-content\/uploads\/2023\/03\/cropped-favicon-300x300.png 300w, https:\/\/albertolabra.com\/wp-content\/uploads\/2023\/03\/cropped-favicon-150x150.png 150w, https:\/\/albertolabra.com\/wp-content\/uploads\/2023\/03\/cropped-favicon-100x100.png 100w, https:\/\/albertolabra.com\/wp-content\/uploads\/2023\/03\/cropped-favicon-270x270.png 270w, https:\/\/albertolabra.com\/wp-content\/uploads\/2023\/03\/cropped-favicon-192x192.png 192w, https:\/\/albertolabra.com\/wp-content\/uploads\/2023\/03\/cropped-favicon-180x180.png 180w, https:\/\/albertolabra.com\/wp-content\/uploads\/2023\/03\/cropped-favicon-32x32.png 32w\" sizes=\"auto, (max-width: 512px) 100vw, 512px\" \/><\/figure><div class=\"wp-block-media-text__content\">\n<p class=\"has-text-align-center has-text-color has-link-color has-larger-font-size wp-elements-c0ee4dbfda988aa3a2020f5320132309\" style=\"color:#3c91bc\"><strong>PORTAL DE FACTURACI\u00d3N POR CONSULTA M\u00c9DICA.<\/strong><\/p>\n<\/div><\/div>\n\n\n\n<ul class=\"wp-block-list\">\n<li class=\"has-medium-font-size\"><strong>Para la generaci\u00f3n de su recibo de honorarios por consulta con el Dr. Alberto Labra, acceda a nuestro m\u00f3dulo de facturaci\u00f3n dando <a href=\"https:\/\/generarcfdi.mx\/AlbertoLabra\">click aqu\u00ed<\/a> o bien en la imagen que se encuentra abajo de este texto. Ah\u00ed podr\u00e1 capturar sus datos fiscales para generar de inmediato el recibo y podr\u00e1 descargarlo y\/o enviarlo a un correo electr\u00f3nico de su preferencia.<\/strong><\/li>\n<\/ul>\n\n\n\n<p class=\"has-text-align-center has-background has-medium-font-size\" style=\"background-color:#cde9f0\"><strong>Podr\u00e1 generar su recibo a partir del d\u00eda siguiente de la consulta, y durante los siguientes 30 d\u00edas.<\/strong><\/p>\n\n\n\n<p class=\"has-text-align-center has-text-color has-link-color has-medium-font-size wp-elements-f66ea37436a9e6065effcaa49b9dac99\" style=\"color:#fb0202\"><strong>Necesitar\u00e1 un n\u00famero de ticket, el cual le llegar\u00e1 por correo electr\u00f3nico. No olvide proporcionarlo al momento de solicitar su recibo.<\/strong><\/p>\n\n\n\n<p class=\"has-text-align-center has-text-color has-background has-link-color has-medium-font-size wp-elements-af3baf421a33897ed7d285c5446c365f\" style=\"color:#f20a0a;background-color:#cde9f0\"><strong>ES POSIBLE QUE EL E-MAIL CON SU N\u00daMERO DE TICKET, SEA ENVIADO A LA CARPETA DE SPAM, NO OLVIDE REVISARLA.<\/strong><\/p>\n\n\n\n<figure class=\"wp-block-image size-large\"><a href=\"https:\/\/generarcfdi.mx\/AlbertoLabra\" target=\"_blank\" rel=\"noreferrer noopener\"><img loading=\"lazy\" decoding=\"async\" width=\"1024\" height=\"768\" src=\"https:\/\/albertolabra.com\/wp-content\/uploads\/2024\/04\/autofacturacion-1024x768.png\" alt=\"\" class=\"wp-image-1617\" srcset=\"https:\/\/albertolabra.com\/wp-content\/uploads\/2024\/04\/autofacturacion-1024x768.png 1024w, https:\/\/albertolabra.com\/wp-content\/uploads\/2024\/04\/autofacturacion-300x225.png 300w, https:\/\/albertolabra.com\/wp-content\/uploads\/2024\/04\/autofacturacion-768x576.png 768w, https:\/\/albertolabra.com\/wp-content\/uploads\/2024\/04\/autofacturacion-1536x1152.png 1536w, https:\/\/albertolabra.com\/wp-content\/uploads\/2024\/04\/autofacturacion-2048x1536.png 2048w, https:\/\/albertolabra.com\/wp-content\/uploads\/2024\/04\/autofacturacion-600x450.png 600w\" sizes=\"auto, (max-width: 1024px) 100vw, 1024px\" \/><\/a><\/figure>\n\n\n<div class=\"wp-block-image\">\n<figure class=\"aligncenter size-large is-resized\"><a href=\"https:\/\/albertolabra.com\/index.php\/facturacion\/\" target=\"_blank\" rel=\"noreferrer noopener\"><img loading=\"lazy\" decoding=\"async\" width=\"1024\" height=\"1024\" src=\"https:\/\/albertolabra.com\/wp-content\/uploads\/2024\/04\/qr-facturacion-labra-1024x1024.png\" alt=\"\" class=\"wp-image-1600\" style=\"width:187px;height:auto\" srcset=\"https:\/\/albertolabra.com\/wp-content\/uploads\/2024\/04\/qr-facturacion-labra-1024x1024.png 1024w, https:\/\/albertolabra.com\/wp-content\/uploads\/2024\/04\/qr-facturacion-labra-300x300.png 300w, https:\/\/albertolabra.com\/wp-content\/uploads\/2024\/04\/qr-facturacion-labra-150x150.png 150w, https:\/\/albertolabra.com\/wp-content\/uploads\/2024\/04\/qr-facturacion-labra-768x768.png 768w, https:\/\/albertolabra.com\/wp-content\/uploads\/2024\/04\/qr-facturacion-labra-600x600.png 600w, https:\/\/albertolabra.com\/wp-content\/uploads\/2024\/04\/qr-facturacion-labra-100x100.png 100w, https:\/\/albertolabra.com\/wp-content\/uploads\/2024\/04\/qr-facturacion-labra.png 1125w\" sizes=\"auto, (max-width: 1024px) 100vw, 1024px\" \/><\/a><\/figure>\n<\/div>","protected":false},"excerpt":{"rendered":"<p>PORTAL DE FACTURACI\u00d3N POR CONSULTA M\u00c9DICA. Podr\u00e1 generar su recibo a partir del d\u00eda siguiente de la consulta, y durante los siguientes 30 d\u00edas. Necesitar\u00e1 un n\u00famero de ticket, el cual le llegar\u00e1 por correo electr\u00f3nico. No olvide proporcionarlo al momento de solicitar su recibo. ES POSIBLE QUE EL E-MAIL CON SU N\u00daMERO DE TICKET,&#8230;<\/p>\n","protected":false},"author":1,"featured_media":0,"parent":0,"menu_order":0,"comment_status":"closed","ping_status":"closed","template":"","meta":{"_mi_skip_tracking":false,"_kad_post_transparent":"","_kad_post_title":"","_kad_post_layout":"","_kad_post_sidebar_id":"","_kad_post_content_style":"","_kad_post_vertical_padding":"","_kad_post_feature":"","_kad_post_feature_position":"","_kad_post_header":false,"_kad_post_footer":false,"footnotes":""},"class_list":["post-1592","page","type-page","status-publish","hentry"],"_links":{"self":[{"href":"https:\/\/albertolabra.com\/index.php\/wp-json\/wp\/v2\/pages\/1592","targetHints":{"allow":["GET"]}}],"collection":[{"href":"https:\/\/albertolabra.com\/index.php\/wp-json\/wp\/v2\/pages"}],"about":[{"href":"https:\/\/albertolabra.com\/index.php\/wp-json\/wp\/v2\/types\/page"}],"author":[{"embeddable":true,"href":"https:\/\/albertolabra.com\/index.php\/wp-json\/wp\/v2\/users\/1"}],"replies":[{"embeddable":true,"href":"https:\/\/albertolabra.com\/index.php\/wp-json\/wp\/v2\/comments?post=1592"}],"version-history":[{"count":6,"href":"https:\/\/albertolabra.com\/index.php\/wp-json\/wp\/v2\/pages\/1592\/revisions"}],"predecessor-version":[{"id":1623,"href":"https:\/\/albertolabra.com\/index.php\/wp-json\/wp\/v2\/pages\/1592\/revisions\/1623"}],"wp:attachment":[{"href":"https:\/\/albertolabra.com\/index.php\/wp-json\/wp\/v2\/media?parent=1592"}],"curies":[{"name":"wp","href":"https:\/\/api.w.org\/{rel}","templated":true}]}}